{"id":6134,"date":"2018-04-14T19:25:35","date_gmt":"2018-04-14T17:25:35","guid":{"rendered":"http:\/\/www.aim-for-students.de\/?page_id=6134"},"modified":"2024-07-25T18:42:55","modified_gmt":"2024-07-25T16:42:55","slug":"agb","status":"publish","type":"page","link":"https:\/\/www.aim-for-students.de\/en\/agb\/","title":{"rendered":"Allgemeine Gesch\u00e4ftsbedingungen"},"content":{"rendered":"<section class=\"l-section wpb_row height_large\"><div class=\"l-section-h i-cf\"><div class=\"g-cols vc_row via_flex valign_top type_default stacking_default\"><div class=\"vc_col-sm-12 wpb_column vc_column_container\"><div class=\"vc_column-inner\"><div class=\"wpb_wrapper\"><div class=\"w-separator size_medium with_line width_screen thick_1 style_solid color_border align_center with_text with_content\"><div class=\"w-separator-h\"><h2 class=\"w-separator-text\"><span>Allgemeine Gesch\u00e4ftsbedingungen zur Teilnahme als Aussteller an der<br \/>\nAalener Industriemesse \u2013 AIM for students<\/span><\/h2><\/div><\/div><div class=\"g-cols wpb_row via_flex valign_top type_default stacking_default\"><div class=\"vc_col-sm-6 wpb_column vc_column_container\"><div class=\"vc_column-inner\"><div class=\"wpb_wrapper\"><div class=\"wpb_text_column\"><div class=\"wpb_wrapper\"><p><strong>1. Veranstalter<\/strong><br \/>\n<span class=\"TextRun SCXW126004464 BCX8\" lang=\"DE-DE\" xml:lang=\"DE-DE\" data-contrast=\"auto\"><span class=\"NormalTextRun SCXW126004464 BCX8\">Veranstalter der \u201eAalener Industriemesse -\u00ad AIM for students\u201c ist die UStA Services GmbH. Ihr<\/span> <span class=\"NormalTextRun SCXW126004464 BCX8\">Gesellschafter <\/span><span class=\"NormalTextRun SCXW126004464 BCX8\">ist der <\/span><span class=\"NormalTextRun SCXW126004464 BCX8\">Vereine UStA Aalen <\/span><span class=\"NormalTextRun SCXW126004464 BCX8\">e.V.<\/span><span class=\"NormalTextRun SCXW126004464 BCX8\">.<\/span><span class=\"NormalTextRun SCXW126004464 BCX8\"> Die UStA Services GmbH, vertreten durch d<\/span><span class=\"NormalTextRun SCXW126004464 BCX8\">i<\/span><span class=\"NormalTextRun SCXW126004464 BCX8\">e Gesch\u00e4ftsf\u00fchrer <\/span><span class=\"NormalTextRun SCXW126004464 BCX8\">Alexander Kazamias und Andr\u00e9 Gabriel Ruth<\/span><span class=\"NormalTextRun SCXW126004464 BCX8\">, setzt eine Projektleitung ein, welche die UStA Services GmbH im Rahmen der \u201eAalener Industriemesse \u2013 AIM for students\u201c rechtsgesch\u00e4ftlich vertritt. Die Projektleitung wird auf der Homepage der \u201eAalener Industriemesse \u2013 AIM for students\u201c bekanntgegeben.<\/span><\/span><span class=\"EOP SCXW126004464 BCX8\" data-ccp-props=\"{\">\u00a0<\/span><\/p>\n<p><strong>2.\u00a0Veranstaltungszweck<\/strong><br \/>\n<span class=\"TextRun SCXW61551361 BCX8\" lang=\"DE-DE\" xml:lang=\"DE-DE\" data-contrast=\"auto\"><span class=\"NormalTextRun SCXW61551361 BCX8\">Bei der \u201eAalener Industriemesse \u2013 AIM for students\u201c handelt es sich um eine Informationsveranstaltung, in deren Rahmen Gespr\u00e4che \u00fcber eine m\u00f6gliche Arbeits-aufnahme, Praktika sowie Abschlussarbeiten zwischen Studenten bzw. Absolventen und Unternehmen vermittelt werden sollen. Zus\u00e4tzliche Angebote wie Pr\u00e4sentationen<\/span><span class=\"NormalTextRun SCXW61551361 BCX8\">, Bewerbungsfotos, <\/span><span class=\"NormalTextRun SpellingErrorV2Themed SCXW61551361 BCX8\">Bewerbungsmappencheck<\/span><span class=\"NormalTextRun SCXW61551361 BCX8\"> und Podiumsdiskussionen sind ein zus\u00e4tzliches Angebot. Ein Anspruch auf Teilnahme besteht f\u00fcr die ausstellenden Firmen<\/span><span class=\"NormalTextRun SCXW61551361 BCX8\"> und Besucher<\/span><span class=\"NormalTextRun SCXW61551361 BCX8\"> nicht.<\/span><\/span><span class=\"EOP SCXW61551361 BCX8\" data-ccp-props=\"{\">\u00a0<\/span><\/p>\n<p><strong>3. Aussteller<\/strong><br \/>\nGew\u00fcnscht ist die Teilnahme vielf\u00e4ltiger Unternehmen und Organisationen mit Besch\u00e4ftigungsm\u00f6glichkeiten f\u00fcr Studenten und Absolventen aus dem akademischen Umfeld, an denen ein Informationsinteresse auf Studentenseite besteht. Die Entscheidung \u00fcber die Teilnahme der Unternehmen obliegt der Projektleitung.<\/p>\n<p><strong>4.\u00a0Vertragsabschluss<\/strong><br \/>\nVertragsgegenstand ist die Teilnahme an der \u201eAalener Industriemesse \u2013 AIM for students\u201c.<br \/>\nDer Vertrag \u00fcber die Teilnahme an der \u201eAalener Industriemesse \u2013 AIM for students\u201c kommt dadurch zustande, dass der Aussteller auf der Homepage www.aim-\u00adfor\u00adstudents.de mit ausf\u00fcllen des Anmeldeformulars ein Angebot abgibt, welches der Veranstalter durch die \u00dcbersendung einer verbindlichen Zusage annimmt.<br \/>\nDie Angaben zu Veranstaltungsort und \u2013zeit ergeben sich aus dem zeitnah vor Veranstaltungsbeginn zugesandten Informationsschreiben.<br \/>\nDurch eine Interessensbekundung seitens potentieller Aussteller (Interessenten) entsteht kein Rechtsanspruch des Interessenten auf eine Teilnahme an der \u201eAalener Industriemesse \u2013 AIM for students\u201c. Dies gilt insbesondere f\u00fcr die Bekundung des Interesses bis zum Ablauf der Meldefrist mittels des hierf\u00fcr auf der Homepage bereitgestellten Kontaktformulars oder per E-\u00adMail.<\/p>\n<p><strong>5. Messetag\/Messestand<\/strong><br \/>\n\u00dcber die Platzverteilung der St\u00e4nde in den R\u00e4umen der Messe entscheidet die Projektleitung. Der Aussteller erh\u00e4lt zeitnah vor Veranstaltungsbeginn einen Lageplan mit Standplatzzuweisung. Die Projektleitung ist noch w\u00e4hrend der Messe berechtigt, die Anordnung der St\u00e4nde zu \u00e4ndern oder einen anderen Platz zuzuweisen. Dem Aussteller ist es nicht gestattet, seinen Stand Dritten, auch nicht teilweise, zur Verf\u00fcgung zu stellen, ohne vorher mit der Projektleitung R\u00fccksprache zu halten.<br \/>\nDer Veranstalter stellt f\u00fcr alle Aussteller ausschlie\u00dflich die Standfl\u00e4che zur Verf\u00fcgung, welche den Angaben im Anmeldeformular entspricht. Der Veranstalter beh\u00e4lt sich das Recht vor, die Standfl\u00e4che anzupassen und zu ver\u00e4ndern, sollte dies erforderlich sein. Zus\u00e4tzlich stellt der Veranstalter Equipment wie Tische, St\u00fchle usw. entsprechend den Angaben im Ausstellefragenbogen des Ausstellerbereiches auf der Homepage zur Verf\u00fcgung, jedoch nur, solange der Vorrat reicht. Eine Verpflichtung zur Bereitstellung des gebuchten Equipments besteht nicht.<br \/>\nDie Anordnung des Mobiliars ist auf die Standfl\u00e4che beschr\u00e4nkt; insbesondere der Gang vor dem Stand darf nicht genutzt werden. Die Standanordnung darf andere Aussteller nicht beeintr\u00e4chtigen. Die Veranstalter \u00fcberlassen dem Aussteller den zugewiesenen Standplatz bzw. Raum nebst Mobiliar w\u00e4hrend der Messezeit inkl. Aufbauzeiten. Der Aussteller ist verpflichtet, durch seinen Beauftragten den Stand nebst Mobiliar auf seine ordnungsgem\u00e4\u00dfe Beschaffenheit zu \u00fcberpr\u00fcfen. Er muss sicherstellen, dass schadhaftes Mobiliar, Einrichtung, Anlagen oder Ger\u00e4te nicht benutzt werden.<br \/>\nF\u00fcr Sch\u00e4den an Mobiliar, Einrichtung, Ausstellungsraum und an \u00fcberlassenen R\u00e4umen haftet der Aussteller. F\u00fcr Sch\u00e4den an Gegenst\u00e4nden des Ausstellers \u00fcbernimmt der Veranstalter keine Haftung, soweit nicht vors\u00e4tzliches oder grob fahrl\u00e4ssiges Verhalten des Veranstalters oder dessen Erf\u00fcllungsgehilfen vorliegt. Der Stand ist w\u00e4hrend der Dauer des Messetages vom Aussteller besetzt zu halten.<br \/>\nBei Zust\u00e4nden oder Begebenheiten, die dem Veranstalter gesetzten Veranstaltungsziel nicht entsprechen, beh\u00e4lt sich die Projektleitung das Recht vor, deren Beseitigung vom verursachenden Aussteller zu verlangen. Sollte dieser Forderung nicht nachgekommen werden, so besteht das Recht einer fristlosen K\u00fcndigung und R\u00e4umung des Standes auf Kosten des Ausstellers. Schadenersatzanspr\u00fcche seitens des Ausstellers k\u00f6nnen nicht geltend gemacht werden.<\/p>\n<p><strong>6. Auflagen f\u00fcr Messest\u00e4nde<\/strong><br \/>\nStandsicherheit:<br \/>\nDer Stand muss so aufgestellt und gesichert sein, dass ein Einst\u00fcrzen, Kippen und Rutschen verhindert wird. Gegenst\u00e4nde wie z. B. Scheinwerfer oder Ausstellung- st\u00fccke, die \u00fcber Kopf geh\u00e4ngt werden, m\u00fcssen mit ausreichend dimensionierten Lastaufnahmemitteln (Haken, Schellen, etc.) befestigt und zus\u00e4tzlich mit einer zweiten nicht brennbaren Sicherung (Kette oder Stahlseil) versehen werden. Sockel oder \u00e4hnliche Erh\u00f6hungen, auf welchen Ausstellungst\u00fccke pr\u00e4sentiert werden, m\u00fcssen richtig dimensioniert sein und sicher aufgestellt werden. Es muss gew\u00e4hrleistet sein, dass keine \u00d6le oder sonstige Fl\u00fcssigkeiten auf den Boden abtropfen und eine erh\u00f6hte Rutschgefahr erzeugen. Zelte oder \u00c4hnliches, die im Au\u00dfenbereich aufgestellt werden, m\u00fcssen so ballastiert und \/ oder abgespannt werden, dass diese bis zu Windst\u00e4rke 5 (28,8 \u2013 38,5 km\/h) standsicher sind. Ab Windst\u00e4rke 5 sind diese abzubauen.<br \/>\nPersonenschutz:<br \/>\nEtwaige Stolperkanten m\u00fcssen gutsichtbar gekennzeichnet werden (schwarz\/gelb schraffiert). Ausstellungst\u00fccke m\u00fcssen so aufgestellt sein, dass durch diese keine Verletzungsgefahr f\u00fcr die Messebesucher entsteht. Scharfe Kanten oder spitze Gegenst\u00e4nde m\u00fcssen so abgedeckt oder abgeschrankt werden, dass durch sie kein Verletzungsrisiko entsteht.<br \/>\nBrandschutz:<br \/>\nDekorationen, Stoffe, Banner etc. m\u00fcssen schwer entflammbar (B1) sein. Sollte aus Vorf\u00fchrungszwecken mit brennbaren Materialien gearbeitet werden, ist dies im Vorfeld dem Veranstalter zu melden, damit dieser die Feuerwehr informieren kann. Weiter muss der Standbetreiber geeignetes L\u00f6schmittel bereithalten. Verwendete L\u00f6schmittel m\u00fcssen mit einer g\u00fcltigen Pr\u00fcfplakette versehen sein.<br \/>\nElektrische Anlagen:<br \/>\nKabel m\u00fcssen so verlegt werden, dass durch diese keine Gefahr entsteht. Kabel m\u00fcssen in ausreichender Gr\u00f6\u00dfe (Querschnitt) dimensioniert sein. Strom- unterverteilungen m\u00fcssen mit einem RCD (FI-\u00adSchutzschalter) ausger\u00fcstet sein. Kabel und Stromunterverteilungen m\u00fcssen einen g\u00fcltigen Pr\u00fcfungsnachweis nach VDE 0701 \u2013 0702 haben (Pr\u00fcfaufkleber oder Pr\u00fcfbericht).<br \/>\nNormen, Richtlinien, Gesetze:<br \/>\nEs gelten die dem Stand der Technik entsprechenden Normen, insbesondere BGV C1, BGI 810, Vst\u00e4ttVO Baden\u00adW\u00fcrttemberg, DIN \u2013 Normen, DIN VDE, BGV A3.<\/p>\n<\/div><\/div><\/div><\/div><\/div><div class=\"vc_col-sm-6 wpb_column vc_column_container\"><div class=\"vc_column-inner\"><div class=\"wpb_wrapper\"><div class=\"wpb_text_column\"><div class=\"wpb_wrapper\"><p><strong>7.\u00a0Kosten und Leistungen<\/strong><br \/>\nDie H\u00f6he des Preises f\u00fcr die Messeteilnahme (\u00dcberlassung einer Standfl\u00e4che, WLAN, Pr\u00e4senz im Messekatalog und Stromanschluss) ist der Anmeldebest\u00e4tigung zu entnehmen, welche nach ausf\u00fcllen des Anmeldeformulars \u00fcbersendet wird. Zus\u00e4tzlich entstehende Kosten f\u00fcr Leistungen (Bereitstellen von Tischen, St\u00fchlen usw.) welche im Ausstellerbereich separat ausgewiesen.\u00a0\u00dcber den Preis f\u00fcr die Messeteilnahme hinausgehende Kosten entstehen durch die Inanspruchnahme von Leistungen, die \u00fcber die im Vertrag vereinbarten Leistungen hinausgehen. Diese sind gesondert im Ausstellerbereich zu buchen. Durch Klicken des Buttons \u201ekostenpflichtig bestellen\u201c wird \u00fcber die zus\u00e4tzliche Leistung ein separater Vertrag geschlossen.<br \/>\nBei jeder Rechnungskorrektur aufgrund von fehlerhafte oder unvollst\u00e4ndige Angaben, f\u00e4llt eine Bearbeitungsgeb\u00fchr von 15,00 \u20ac (zzgl. MwSt.) an.<\/p>\n<p><strong>8.\u00a0Messekatalog<\/strong><br \/>\nDie Pr\u00e4senz im Messekatalog setzt sich aus einer Firmenprofilseite und einer Werbeanzeige des Ausstellers zusammen. Der Aussteller erstellt anhand der Vorlage f\u00fcr Firmenprofile, welche auf der Homepage zum Download bereitsteht, ihre Firmenprofilseite. Der Veranstalter beh\u00e4lt sich vor, Design und Schriftbild sowie \u00c4nderungen, die der Einheitlichkeit des Messekataloges dienen, ohne dabei den Inhalt zu ver\u00e4ndern, durchzuf\u00fchren.<br \/>\nDer Aussteller erh\u00e4lt hier\u00fcber einen Korrekturabzug, den er zu \u00fcberpr\u00fcfen und bis zum Redaktionsschluss zum Druck freizugeben hat. Der Redaktionsschluss ist dem Korrekturabzug zu entnehmen.<br \/>\nEine \u00dcberpr\u00fcfung durch den Veranstalter oder einen beauftragten Dritten findet nicht statt. Eine Haftung f\u00fcr die Richtigkeit der durch den Aussteller \u00fcberpr\u00fcften und freigegebenen Daten wird nicht \u00fcbernommen. Geht der durch den Aussteller \u00fcberpr\u00fcfte Korrekturabzug nicht fristgerecht beim Veranstalter ein, werden die Daten aus dem Korrekturabzug in den Katalog \u00fcbernommen und der Inhalt des Korrekturabzuges gilt als vereinbarte Sollbeschaffenheit; auch dann \u00fcbernimmt der Veranstalter keine Haftung f\u00fcr die Katalogangaben. Nach dem Redaktionsschluss eingesandte Korrekturabz\u00fcge k\u00f6nnen nicht ber\u00fccksichtigt werden.<br \/>\nDie Werbeanzeige und das Logo des Ausstellers m\u00fcssen die vom Veranstalter geforderte Qualit\u00e4t erf\u00fcllen. Die Werbeanzeige und das Logo sind fristgerecht durch den Aussteller in einem vom Veranstalter zugelassenen Format zu stellen. Bei der Verwendung von Farbseiten kann die Farbechtheit nicht garantiert werden. Der Veranstalter erstellt hierf\u00fcr keinen Korrekturabzug f\u00fcr den Aussteller.<br \/>\nDer Aussteller hat keinen Anspruch auf Neudruck des Kataloges.<\/p>\n<p><strong>9.\u00a0Vorzeitiger R\u00fccktritt<\/strong><br \/>\nEine verpflichtende Bedingung des Ausstellers erfolgt mit Absendung des Anmeldeformulars. Storniert der Anmelder seine Teilnahme an der Messe, fallen folgende Abstandskosten an, wobei der Nachweis eines h\u00f6heren Schadens den Veranstaltern der Aalener Industriemesse vorbehalten bleibt.<br \/>\nBei einer Abmeldung bis zum Datum des Anmeldeschlusses in H\u00f6he von 50,00 EUR zzgl. der jeweiligen gesetzlichen Mehrwertsteuer.<br \/>\nBei einer Abmeldung nach Anmeldeschluss, jedoch sp\u00e4testens sechs Kalender- wochen vor Messebeginn, in H\u00f6he von 50% der vertraglich vereinbarten Gesamt-kosten.<br \/>\nBei einer Abmeldung innerhalb eines Zeitraums von weniger als sechs Kalenderwochen vor Messebeginn in H\u00f6he von 100% der Gesamtkosten laut Anmeldung.<br \/>\nFindet die Veranstaltung ohne Verschulden des Veranstalters nicht statt, so kann der Aussteller mit bis zu einem Drittel des Teilnahmebetrages als allgemeine Kostenentsch\u00e4digung in Regress genommen werden. Der Nachweis eines geringeren Schadens als die verlangte Pauschale bleibt dem Aussteller in diesem Fall unbenommen.<br \/>\nDer Veranstalter ist berechtigt, die Veranstaltung oder Veranstaltungsteile aus wichtigem Grund abzusagen. Der Veranstalter ist berechtigt, bis zum Beginn der Veranstaltung vom Vertrag mit dem Aussteller zur\u00fcckzutreten, wenn ihm in der Person des Ausstellers liegende Gr\u00fcnde bekannt werden, die ihm ein Festhalten am Vertrag mit dem Aussteller unzumutbar machen; insbesondere Versto\u00df gegen Gesetze oder gute Sitten.<\/p>\n<p><strong>10.\u00a0Veranstaltungsverlauf<\/strong><br \/>\nAnweisungen des Veranstalters oder der von ihm beauftragten Personen ist Folge zu leisten. Die UStA Services GmbH besitzt f\u00fcr die gesamte Dauer der Veranstaltung das uneingeschr\u00e4nkte Hausrecht auf dem Veranstaltungsgel\u00e4nde und beh\u00e4lt sich alle dem reibungslosen Veranstaltungsverlauf dienlichen Ma\u00dfnahmen vor.<br \/>\nWerbemittel des Ausstellers d\u00fcrfen nur innerhalb des ihnen zugewiesenen Standes pr\u00e4sentiert oder in Umlauf gebracht werden.<\/p>\n<p><strong>11.\u00a0Haftung<\/strong><br \/>\nAusgeschlossen sind Schadensersatzanspr\u00fcche wegen Nichterf\u00fcllung, allerdings nur insoweit, als dass der Ersatz von mittelbaren oder Mangelfolgesch\u00e4den verlangt wird. Jede Haftung ist auf den bei Vertragsschluss voraussehbaren Schaden begrenzt. Des Weiteren gilt Ziff. 5, Absatz 4, Satz 1.<\/p>\n<p><strong>12.\u00a0Nutzungsrechte<\/strong><br \/>\nDer Veranstalter ist berechtigt, Fotografien, Zeichnungen sowie Ton-\u00ad und Filmaufnahmen von St\u00e4nden und ausgestellten Gegenst\u00e4nden anzufertigen oder anfertigen zu lassen und diese f\u00fcr Ver\u00f6ffentlichungen, Werbung usw. zu verwenden und zu vervielf\u00e4ltigen. Dies betrifft u. a. Ton-\u00ad und Filmaufnahmen, Printmedien sowie elektronische Medien und Ver\u00f6ffentlichungen im Internet.<br \/>\nDer Aussteller bzw. die von diesem zur Teilnahme an der Veranstaltung aus- gew\u00e4hlten Mitarbeiter willigen durch die Anmeldung in die Verwendung ihres Wesens in Bild und Ton im Rahmen von Wiedergabe durch Ver\u00f6ffentlichungen, Vervielf\u00e4ltigungen, Werbung, usw. ein. Zur Verf\u00fcgung gestellte Informationen wie Adressen, Unternehmensdaten usw., Werbematerialien wie Logos o. \u00e4. kann der Veranstalter f\u00fcr eigene Publikationen, Werbema\u00dfnahmen und Pr\u00e4sentationen sowie f\u00fcr \u00f6ffentliche Vortr\u00e4ge und sonstige Veranstaltungen verwenden. Der Aussteller r\u00e4umt insoweit dem Veranstalter das Recht zu Vervielf\u00e4ltigung und Bearbeitung ein. Dies gilt f\u00fcr die Verwendung in Ton-\u00ad und Filmaufnahmen, s\u00e4mtliche Printmedien, elektronische Medien sowie Ver\u00f6ffentlichungen im Internet.<\/p>\n<p><strong>13.\u00a0Erf\u00fcllungsort und anzuwendendes Recht<\/strong><br \/>\nErf\u00fcllungsort f\u00fcr alle Verpflichtungen aus dem Vertrag ist Aalen. Es gilt das Recht der Bundesrepublik Deutschland.<\/p>\n<p><strong>14.\u00a0Datenschutz<\/strong><br \/>\nDer Aussteller nimmt davon Kenntnis, dass der Veranstalter Daten aus dem Vertragsverh\u00e4ltnis nach \u00a7 28 BDSG zum Zwecke der Datenverarbeitung speichert und sich das Recht vorbeh\u00e4lt, die Daten, soweit f\u00fcr die Vertragserf\u00fcllung oder die Weiterentwicklung der \u201eAalener Industriemesse \u2013 AIM for students\u201c erforderlich, Dritten zu \u00fcbermitteln.<\/p>\n<p><strong>15.\u00a0Salvatorische Klausel<\/strong><br \/>\nSollte eine Bestimmung in diesen Gesch\u00e4ftsbedingungen oder eine Bestimmung im Rahmen sonstiger Vereinbarungen unwirksam sein oder werden, so wird hiervon die Wirksamkeit aller sonstigen Bestimmungen oder Vereinbarungen nicht ber\u00fchrt.<\/p>\n<\/div><\/div><\/div><\/div><\/div><\/div><div class=\"g-cols wpb_row via_flex valign_top type_default stacking_default\"><div class=\"vc_col-sm-4 wpb_column vc_column_container\"><div class=\"vc_column-inner\"><div class=\"wpb_wrapper\"><div class=\"ult-spacer spacer-69eccd28ae9dd\" data-id=\"69eccd28ae9dd\" data-height=\"20\" data-height-mobile=\"20\" data-height-tab=\"20\" data-height-tab-portrait=\"20\" data-height-mobile-landscape=\"20\" style=\"clear:both;display:block;\"><\/div><div class=\"wpb_text_column\"><div class=\"wpb_wrapper\"><p style=\"text-align: left;\">UStA Services GmbH<br \/>\nAalen, 25.07.202024<\/p>\n<\/div><\/div><\/div><\/div><\/div><div class=\"vc_col-sm-4 wpb_column vc_column_container\"><div class=\"vc_column-inner\"><div class=\"wpb_wrapper\"><div class=\"ult-spacer spacer-69eccd28aeee5\" data-id=\"69eccd28aeee5\" data-height=\"20\" data-height-mobile=\"20\" data-height-tab=\"20\" data-height-tab-portrait=\"20\" data-height-mobile-landscape=\"20\" style=\"clear:both;display:block;\"><\/div><\/div><\/div><\/div><div class=\"vc_col-sm-4 wpb_column vc_column_container\"><div class=\"vc_column-inner\"><div class=\"wpb_wrapper\"><div class=\"ult-spacer spacer-69eccd28af195\" data-id=\"69eccd28af195\" data-height=\"20\" data-height-mobile=\"20\" data-height-tab=\"20\" data-height-tab-portrait=\"20\" data-height-mobile-landscape=\"20\" style=\"clear:both;display:block;\"><\/div><div class=\"w-btn-wrapper align_right\"><a class=\"w-btn us-btn-style_3 us_custom_80a192e9\" target=\"_blank\" rel=\"nofollow\" title=\"Allgemeine Gesch\u00e4ftsbedingungen\" href=\"https:\/\/www.aim-for-students.de\/wp-content\/uploads\/2024\/07\/2024.07.25_Allgemeine-Geschaeftsbedingungen.pdf\"><span class=\"w-btn-label\">Download PDF<\/span><\/a><\/div><\/div><\/div><\/div><\/div><\/div><\/div><\/div><\/div><\/div><\/section>\n","protected":false},"excerpt":{"rendered":"Allgemeine Gesch\u00e4ftsbedingungen zur Teilnahme als Aussteller an der Aalener Industriemesse \u2013 AIM for students1. Veranstalter Veranstalter der \u201eAalener Industriemesse -\u00ad AIM for students\u201c ist die UStA Services GmbH. Ihr Gesellschafter ist der Vereine UStA Aalen e.V.. Die UStA Services GmbH, vertreten durch die Gesch\u00e4ftsf\u00fchrer Alexander Kazamias und Andr\u00e9 Gabriel Ruth, setzt eine Projektleitung ein, welche...","protected":false},"author":9,"featured_media":0,"parent":0,"menu_order":0,"comment_status":"closed","ping_status":"closed","template":"","meta":{"footnotes":""},"class_list":["post-6134","page","type-page","status-publish","hentry"],"translation":{"provider":"WPGlobus","version":"3.0.2","language":"en","enabled_languages":["de","en"],"languages":{"de":{"title":true,"content":true,"excerpt":false},"en":{"title":false,"content":false,"excerpt":false}}},"yoast_head":"<!-- This site is optimized with the Yoast SEO plugin v27.4 - https:\/\/yoast.com\/product\/yoast-seo-wordpress\/ -->\n<title>Allgemeine Gesch\u00e4ftsbedingungen - AIM for students - Aalener Industriemesse<\/title>\n<meta name=\"robots\" content=\"index, follow, max-snippet:-1, max-image-preview:large, max-video-preview:-1\" \/>\n<link rel=\"canonical\" href=\"https:\/\/www.aim-for-students.de\/agb\/\" \/>\n<meta property=\"og:locale\" content=\"en_US\" \/>\n<meta property=\"og:type\" content=\"article\" \/>\n<meta property=\"og:title\" content=\"Allgemeine Gesch\u00e4ftsbedingungen - AIM for students - Aalener Industriemesse\" \/>\n<meta property=\"og:url\" content=\"https:\/\/www.aim-for-students.de\/agb\/\" \/>\n<meta property=\"og:site_name\" content=\"AIM for students - Aalener Industriemesse\" \/>\n<meta property=\"article:modified_time\" content=\"2024-07-25T16:42:55+00:00\" \/>\n<meta name=\"twitter:card\" content=\"summary_large_image\" \/>\n<meta name=\"twitter:label1\" content=\"Est. reading time\" \/>\n\t<meta name=\"twitter:data1\" content=\"11 minutes\" \/>\n<script type=\"application\/ld+json\" class=\"yoast-schema-graph\">{\"@context\":\"https:\\\/\\\/schema.org\",\"@graph\":[{\"@type\":\"WebPage\",\"@id\":\"https:\\\/\\\/www.aim-for-students.de\\\/agb\\\/\",\"url\":\"https:\\\/\\\/www.aim-for-students.de\\\/agb\\\/\",\"name\":\"Allgemeine Gesch\u00e4ftsbedingungen - AIM for students - Aalener Industriemesse\",\"isPartOf\":{\"@id\":\"https:\\\/\\\/www.aim-for-students.de\\\/#website\"},\"datePublished\":\"2018-04-14T17:25:35+00:00\",\"dateModified\":\"2024-07-25T16:42:55+00:00\",\"breadcrumb\":{\"@id\":\"https:\\\/\\\/www.aim-for-students.de\\\/agb\\\/#breadcrumb\"},\"inLanguage\":\"en-US\",\"potentialAction\":[{\"@type\":\"ReadAction\",\"target\":[\"https:\\\/\\\/www.aim-for-students.de\\\/agb\\\/\"]}]},{\"@type\":\"BreadcrumbList\",\"@id\":\"https:\\\/\\\/www.aim-for-students.de\\\/agb\\\/#breadcrumb\",\"itemListElement\":[{\"@type\":\"ListItem\",\"position\":1,\"name\":\"Startseite\",\"item\":\"https:\\\/\\\/www.aim-for-students.de\\\/\"},{\"@type\":\"ListItem\",\"position\":2,\"name\":\"Allgemeine Gesch\u00e4ftsbedingungen\"}]},{\"@type\":\"WebSite\",\"@id\":\"https:\\\/\\\/www.aim-for-students.de\\\/#website\",\"url\":\"https:\\\/\\\/www.aim-for-students.de\\\/\",\"name\":\"AIM for students - Aalener Industriemesse\",\"description\":\"Website of AIM\",\"potentialAction\":[{\"@type\":\"SearchAction\",\"target\":{\"@type\":\"EntryPoint\",\"urlTemplate\":\"https:\\\/\\\/www.aim-for-students.de\\\/?s={search_term_string}\"},\"query-input\":{\"@type\":\"PropertyValueSpecification\",\"valueRequired\":true,\"valueName\":\"search_term_string\"}}],\"inLanguage\":\"en-US\"}]}<\/script>\n<!-- \/ Yoast SEO plugin. -->","yoast_head_json":{"title":"Allgemeine Gesch\u00e4ftsbedingungen - AIM for students - Aalener Industriemesse","robots":{"index":"index","follow":"follow","max-snippet":"max-snippet:-1","max-image-preview":"max-image-preview:large","max-video-preview":"max-video-preview:-1"},"canonical":"https:\/\/www.aim-for-students.de\/agb\/","og_locale":"en_US","og_type":"article","og_title":"Allgemeine Gesch\u00e4ftsbedingungen - AIM for students - Aalener Industriemesse","og_url":"https:\/\/www.aim-for-students.de\/agb\/","og_site_name":"AIM for students - Aalener Industriemesse","article_modified_time":"2024-07-25T16:42:55+00:00","twitter_card":"summary_large_image","twitter_misc":{"Est. reading time":"11 minutes"},"schema":{"@context":"https:\/\/schema.org","@graph":[{"@type":"WebPage","@id":"https:\/\/www.aim-for-students.de\/agb\/","url":"https:\/\/www.aim-for-students.de\/agb\/","name":"Allgemeine Gesch\u00e4ftsbedingungen - AIM for students - Aalener Industriemesse","isPartOf":{"@id":"https:\/\/www.aim-for-students.de\/#website"},"datePublished":"2018-04-14T17:25:35+00:00","dateModified":"2024-07-25T16:42:55+00:00","breadcrumb":{"@id":"https:\/\/www.aim-for-students.de\/agb\/#breadcrumb"},"inLanguage":"en-US","potentialAction":[{"@type":"ReadAction","target":["https:\/\/www.aim-for-students.de\/agb\/"]}]},{"@type":"BreadcrumbList","@id":"https:\/\/www.aim-for-students.de\/agb\/#breadcrumb","itemListElement":[{"@type":"ListItem","position":1,"name":"Startseite","item":"https:\/\/www.aim-for-students.de\/"},{"@type":"ListItem","position":2,"name":"Allgemeine Gesch\u00e4ftsbedingungen"}]},{"@type":"WebSite","@id":"https:\/\/www.aim-for-students.de\/#website","url":"https:\/\/www.aim-for-students.de\/","name":"AIM for students - Aalener Industriemesse","description":"Website of AIM","potentialAction":[{"@type":"SearchAction","target":{"@type":"EntryPoint","urlTemplate":"https:\/\/www.aim-for-students.de\/?s={search_term_string}"},"query-input":{"@type":"PropertyValueSpecification","valueRequired":true,"valueName":"search_term_string"}}],"inLanguage":"en-US"}]}},"_links":{"self":[{"href":"https:\/\/www.aim-for-students.de\/en\/wp-json\/wp\/v2\/pages\/6134","targetHints":{"allow":["GET"]}}],"collection":[{"href":"https:\/\/www.aim-for-students.de\/en\/wp-json\/wp\/v2\/pages"}],"about":[{"href":"https:\/\/www.aim-for-students.de\/en\/wp-json\/wp\/v2\/types\/page"}],"author":[{"embeddable":true,"href":"https:\/\/www.aim-for-students.de\/en\/wp-json\/wp\/v2\/users\/9"}],"replies":[{"embeddable":true,"href":"https:\/\/www.aim-for-students.de\/en\/wp-json\/wp\/v2\/comments?post=6134"}],"version-history":[{"count":34,"href":"https:\/\/www.aim-for-students.de\/en\/wp-json\/wp\/v2\/pages\/6134\/revisions"}],"predecessor-version":[{"id":7218,"href":"https:\/\/www.aim-for-students.de\/en\/wp-json\/wp\/v2\/pages\/6134\/revisions\/7218"}],"wp:attachment":[{"href":"https:\/\/www.aim-for-students.de\/en\/wp-json\/wp\/v2\/media?parent=6134"}],"curies":[{"name":"wp","href":"https:\/\/api.w.org\/{rel}","templated":true}]}}