{"id":28,"date":"2017-05-06T09:59:58","date_gmt":"2017-05-06T09:59:58","guid":{"rendered":"http:\/\/www.aim-for-students.de\/?page_id=28"},"modified":"2025-10-21T12:03:17","modified_gmt":"2025-10-21T10:03:17","slug":"startseite-2","status":"publish","type":"page","link":"https:\/\/www.aim-for-students.de\/en\/","title":{"rendered":"Startseite"},"content":{"rendered":"<section class=\"l-section wpb_row height_auto width_full\"><div class=\"l-section-h i-cf\"><div class=\"g-cols vc_row via_flex valign_top type_default stacking_default\"><div class=\"vc_col-sm-12 wpb_column vc_column_container\"><div class=\"vc_column-inner\"><div class=\"wpb_wrapper\">[rev_slider_vc alias=&#8221;aim&#8221;]<\/div><\/div><\/div><\/div><\/div><\/section><section class=\"l-section wpb_row height_large\"><div class=\"l-section-h i-cf\"><div class=\"g-cols vc_row via_flex valign_top type_default stacking_default\"><div class=\"vc_col-sm-12 wpb_column vc_column_container\"><div class=\"vc_column-inner\"><div class=\"wpb_wrapper\"><div class=\"w-separator size_large with_line width_30 thick_1 style_solid color_border align_center with_text with_content\"><div class=\"w-separator-h\"><h2 class=\"w-separator-text\"><span>Herzlich Willkommen<\/span><\/h2><\/div><\/div><div class=\"g-cols wpb_row via_flex valign_top type_default stacking_default\"><div class=\"vc_col-sm-3 wpb_column vc_column_container\"><div class=\"vc_column-inner\"><div class=\"wpb_wrapper\"><div class=\"w-image align_center\"><div class=\"w-image-h\"><img decoding=\"async\" width=\"175\" height=\"120\" src=\"https:\/\/www.aim-for-students.de\/wp-content\/uploads\/2018\/04\/AIM.png\" class=\"attachment-full size-full\" alt=\"\" loading=\"lazy\" \/><\/div><\/div><\/div><\/div><\/div><div class=\"vc_col-sm-9 wpb_column vc_column_container\"><div class=\"vc_column-inner\"><div class=\"wpb_wrapper\"><div class=\"wpb_text_column\"><div class=\"wpb_wrapper\"><p>Von den Studierenden seit 1994 einmal j\u00e4hrlich organisiert, richtet sich diese Messe prim\u00e4r an die Studierenden und Professoren der Hochschule Aalen, zieht aber auch viele Besucher der umliegenden Regionen nach Aalen. Hierbei stehen die Professionalit\u00e4t in der Organisation und ein umfangreicher Service f\u00fcr die Aussteller im Mittelpunkt, wodurch die Messe inzwischen auf \u00fcber 140 Aussteller wachsen konnte.<\/p>\n<p>Auch in der Berichterstattung der lokalen und \u00fcberregionalen Medien findet sie jedes Jahr gro\u00dfe Beachtung, so dass sie f\u00fcr alle Aussteller eine ideale Plattform zur Nachwuchsgewinnung und Steigerung des Bekanntheitsgrades geworden ist.<\/p>\n<\/div><\/div><\/div><\/div><\/div><\/div><\/div><\/div><\/div><\/div><\/div><\/section><section class=\"l-section wpb_row height_large color_alternate\"><div class=\"l-section-h i-cf\"><div class=\"g-cols vc_row via_flex valign_middle type_default stacking_default\"><div class=\"vc_col-sm-6 wpb_column vc_column_container\"><div class=\"vc_column-inner\"><div class=\"wpb_wrapper\"><div class=\"ult-spacer spacer-69ecd8afa811e\" data-id=\"69ecd8afa811e\" data-height=\"10\" data-height-mobile=\"50\" data-height-tab=\"30\" data-height-tab-portrait=\"30\" data-height-mobile-landscape=\"50\" style=\"clear:both;display:block;\"><\/div><div class=\"w-separator size_small with_line width_30 thick_1 style_solid color_border align_center with_text with_content\"><div class=\"w-separator-h\"><h4 class=\"w-separator-text\"><span>Katalog 2025<\/span><\/h4><\/div><\/div><div class=\"w-html\"><!DOCTYPE html>\n<html lang=\"de\">\n<head>\n    <meta charset=\"UTF-8\">\n    <meta name=\"viewport\" content=\"width=device-width, initial-scale=1.0\">\n    <title>Messekatalog<\/title>\n    <style>\n        .tile {\n            text-align: center;\n        }\n\n        .cover {\n            max-width: 100%;\n            height: auto;\n            cursor: pointer;\n        }\n\n        .download-link {\n            margin-top: 10px;\n            border: 1px solid #ccc;\n            padding: 5px 10px;\n            display: inline-block;\n            border-radius: 5px;\n            text-decoration: none;\n            color: #333;\n        }\n\n        .download-link:hover {\n            background-color: #f0f0f0;\n        }\n    <\/style>\n<\/head>\n<body>\n    <div class=\"tile\">\n        <img decoding=\"async\" class=\"cover\" src=\"https:\/\/documents.yumpu.com\/000\/070\/795\/310\/2ab59dc0e68cd71dff3956739ccc133f121bbed8\/7a34784b4377325a6c5864326f77736e7a48487a77413d3d\/506f393457427a72784e397955394857624d784635513d3d.jpg?AWSAccessKeyId=AKIAICNEWSPSEKTJ5M3Q&Expires=1760631885&Signature=UG7NAOCTJ5GK8QAlEKprdaHzubU%3D\" alt=\"Messekatalog Cover\" onclick=\"openLink()\">\n        <div class=\"download-link\">\n            <a href=\"https:\/\/www.yumpu.com\/de\/document\/download\/70795310\/dac7d-251c0-35d0e-e2937-66516-cf5c6-50ee1-f3cb9\" download>PDF herunterladen<\/a>\n        <\/div>\n    <\/div>\n\n    <script>\n        function openLink() {\n            \/\/ Hier den Link hinzuf\u00fcgen, den Sie \u00f6ffnen m\u00f6chten, wenn auf das Cover geklickt wird\n            window.open(\"https:\/\/www.yumpu.com\/de\/document\/read\/70795310\/katalog-2025\", \"_blank\");\n        }\n    <\/script>\n<\/body>\n<\/html><\/div><\/div><\/div><\/div><div class=\"vc_col-sm-6 wpb_column vc_column_container\"><div class=\"vc_column-inner\"><div class=\"wpb_wrapper\"><div class=\"ult-spacer spacer-69ecd8afa86af\" data-id=\"69ecd8afa86af\" data-height=\"10\" data-height-mobile=\"50\" data-height-tab=\"30\" data-height-tab-portrait=\"30\" data-height-mobile-landscape=\"50\" style=\"clear:both;display:block;\"><\/div><div class=\"w-separator size_small with_line width_30 thick_1 style_solid color_border align_center with_text with_content\"><div class=\"w-separator-h\"><h4 class=\"w-separator-text\"><span>Standplan 2025<\/span><\/h4><\/div><\/div><div class=\"w-html\"><!DOCTYPE html>\n<html lang=\"de\">\n<head>\n    <meta charset=\"UTF-8\">\n    <meta name=\"viewport\" content=\"width=device-width, initial-scale=1.0\">\n    <title>Standplan<\/title>\n    <style>\n        .tile {\n            text-align: center;\n        }\n\n        .cover {\n            max-width: 100%;\n            height: auto;\n            cursor: pointer;\n        }\n\n        .cover:hover {\n            opacity: 0.8;\n        }\n\n        .download-link {\n            margin-top: 10px;\n            border: 1px solid #ccc;\n            padding: 5px 10px;\n            display: inline-block;\n            border-radius: 5px;\n            text-decoration: none;\n            color: #333;\n        }\n\n        .download-link:hover {\n            background-color: #f0f0f0;\n        }\n    <\/style>\n<\/head>\n<body>\n    <div class=\"tile\">\n        <a href=\"https:\/\/www.yumpu.com\/de\/document\/read\/70797812\/aalener-industriemesse-aim-for-students-standplan-2025\" target=\"_blank\">\n            <img decoding=\"async\" class=\"cover\" src=\"https:\/\/documents.yumpu.com\/000\/070\/797\/812\/fe81733883cdd92a0aab9ed0942a41dfcfcb5d3b\/5951686b6a7262586837674133684d4a6a6f5a6673413d3d\/725a766f5475482b432f6942715447437244592b32513d3d.jpg?AWSAccessKeyId=AKIAICNEWSPSEKTJ5M3Q&Expires=1760633127&Signature=mc9gKp0tT8PmZSjQRe6M9yWfd9A%3D\" alt=\"Messekatalog Cover\">\n        <\/a>\n        <div class=\"download-link\">\n            <a href=\"https:\/\/www.yumpu.com\/de\/document\/download\/70797812\/64a05-5c4f0-31040-681d7-764e1-7f101-bae84-e145d\" download>PDF herunterladen<\/a>\n        <\/div>\n    <\/div>\n<\/body>\n<\/html><\/div><\/div><\/div><\/div><\/div><\/div><\/section><!-- Row Backgrounds --><div class=\"upb_color\" data-bg-override=\"0\" data-bg-color=\"\" data-fadeout=\"\" data-fadeout-percentage=\"30\" data-parallax-content=\"\" data-parallax-content-sense=\"30\" data-row-effect-mobile-disable=\"true\" data-img-parallax-mobile-disable=\"true\" data-rtl=\"false\"  data-custom-vc-row=\"\"  data-vc=\"8.7\"  data-is_old_vc=\"\"  data-theme-support=\"\"   data-overlay=\"false\" data-overlay-color=\"\" data-overlay-pattern=\"\" data-overlay-pattern-opacity=\"\" data-overlay-pattern-size=\"\"    data-seperator=\"true\"  data-seperator-type=\"triangle_svg_seperator\"  data-seperator-shape-size=\"40\"  data-seperator-svg-height=\"60\"  data-seperator-full-width=\"true\" data-seperator-position=\"top_seperator\"  data-seperator-background-color=\"#ffffff\"  data-icon=\"\"  ><\/div><section class=\"l-section wpb_row height_large color_alternate\"><div class=\"l-section-h i-cf\"><div class=\"g-cols vc_row via_flex valign_top type_default stacking_default\"><div class=\"vc_col-sm-3 wpb_column vc_column_container\"><div class=\"vc_column-inner\"><div class=\"wpb_wrapper\"><div class=\"w-image align_center\"><div class=\"w-image-h\"><img decoding=\"async\" width=\"269\" height=\"34\" src=\"https:\/\/www.aim-for-students.de\/wp-content\/uploads\/2018\/04\/150202_Hochschule_AA_cmyk-2-e1569486303638.png\" class=\"attachment-full size-full\" alt=\"\" loading=\"lazy\" \/><\/div><\/div><\/div><\/div><\/div><div class=\"vc_col-sm-9 wpb_column vc_column_container\"><div class=\"vc_column-inner\"><div class=\"wpb_wrapper\"><div class=\"wpb_text_column\"><div class=\"wpb_wrapper\"><p>Die Hochschule Aalen ist mit \u00fcber 5000 Studierenden eine der gr\u00f6\u00dferen und derzeit die forschungsst\u00e4rkste Hochschule f\u00fcr angewandte Wissenschaften Baden-W\u00fcrttembergs. Regional fest verankert und international weit vernetzt baut die Hochschule Aalen auf zwei starke S\u00e4ulen: Technik und Wirtschaft.<\/p>\n<p>Die ehemalige Ingenieurschule ist heute eine global ausgerichtete und praxisorientierte Hochschule mit f\u00fcnf Fakult\u00e4ten. \u00dcber 50 Bachelor- und Master-Studienangebote garantieren eine wissenschaftlich fundierte und praxisorientierte Ausbildung. Die Hochschule Aalen liegt in Ostw\u00fcrttemberg, dessen Innovationskraft auch \u00fcber die Landesgrenzen hinaus als vorbildlich gilt.<\/p>\n<\/div><\/div><\/div><\/div><\/div><\/div><\/div><\/section><section class=\"l-section wpb_row height_large\"><div class=\"l-section-h i-cf\"><div class=\"g-cols vc_row via_flex valign_top type_default stacking_default\"><div class=\"vc_col-sm-12 wpb_column vc_column_container\"><div class=\"vc_column-inner\"><div class=\"wpb_wrapper\"><div class=\"w-separator size_large with_line width_30 thick_1 style_solid color_border align_center with_text with_content\"><div class=\"w-separator-h\"><h2 class=\"w-separator-text\"><span>Kontakt<\/span><\/h2><\/div><\/div><div class=\"wpb_text_column\"><div class=\"wpb_wrapper\"><p>Die Aalener Industriemesse ist eine Veranstaltung der UStA Services GmbH, welche als Gesellschaft des gemeinn\u00fctzigen Vereins \u201eUStA Aalen e.V.\u201c f\u00fcr die Ausrichtung zust\u00e4ndig ist.<\/p>\n<p>Die Organisation wird hierbei ma\u00dfgeblich von den aktiven Studierenden durchgef\u00fchrt.<\/p>\n<p>UStA Services GmbH<br \/>\nBeethovenstra\u00dfe 1<br \/>\n73430 Aalen<\/p>\n<p>E-Mail: messe@aim-for-students.de<br \/>\nTelefon: +49 (0) 7361 55 89 98 5<\/p>\n<\/div><\/div><div class=\"w-btn-wrapper align_none\"><a class=\"w-btn us-btn-style_3 us_custom_80a192e9\" href=\"\/kontakt\/\"><span class=\"w-btn-label\">Kontakt<\/span><\/a><\/div><\/div><\/div><\/div><\/div><\/div><\/section>\n","protected":false},"excerpt":{"rendered":"[rev_slider_vc alias=\"aim\"]Herzlich WillkommenVon den Studierenden seit 1994 einmal j\u00e4hrlich organisiert, richtet sich diese Messe prim\u00e4r an die Studierenden und Professoren der Hochschule Aalen, zieht aber auch viele Besucher der umliegenden Regionen nach Aalen. Hierbei stehen die Professionalit\u00e4t in der Organisation und ein umfangreicher Service f\u00fcr die Aussteller im Mittelpunkt, wodurch die Messe inzwischen auf \u00fcber...","protected":false},"author":9,"featured_media":0,"parent":0,"menu_order":0,"comment_status":"closed","ping_status":"closed","template":"","meta":{"footnotes":""},"class_list":["post-28","page","type-page","status-publish","hentry"],"translation":{"provider":"WPGlobus","version":"3.0.2","language":"en","enabled_languages":["de","en"],"languages":{"de":{"title":true,"content":true,"excerpt":false},"en":{"title":false,"content":false,"excerpt":false}}},"yoast_head":"<!-- This site is optimized with the Yoast SEO plugin v27.4 - https:\/\/yoast.com\/product\/yoast-seo-wordpress\/ -->\n<title>Aalener Industriemesse - AIM for students \/ Hochschule Aalen<\/title>\n<meta name=\"robots\" content=\"index, follow, max-snippet:-1, max-image-preview:large, max-video-preview:-1\" \/>\n<link rel=\"canonical\" href=\"https:\/\/www.aim-for-students.de\/\" \/>\n<meta property=\"og:locale\" content=\"en_US\" \/>\n<meta property=\"og:type\" content=\"article\" \/>\n<meta property=\"og:title\" content=\"Startseite - AIM for students - Aalener Industriemesse\" \/>\n<meta property=\"og:url\" content=\"https:\/\/www.aim-for-students.de\/\" \/>\n<meta property=\"og:site_name\" content=\"AIM for students - Aalener Industriemesse\" \/>\n<meta property=\"article:modified_time\" content=\"2025-10-21T10:03:17+00:00\" \/>\n<meta name=\"twitter:card\" content=\"summary_large_image\" \/>\n<meta name=\"twitter:label1\" content=\"Est. reading time\" \/>\n\t<meta name=\"twitter:data1\" content=\"2 minutes\" \/>\n<script type=\"application\/ld+json\" class=\"yoast-schema-graph\">{\"@context\":\"https:\\\/\\\/schema.org\",\"@graph\":[{\"@type\":\"WebPage\",\"@id\":\"https:\\\/\\\/www.aim-for-students.de\\\/\",\"url\":\"https:\\\/\\\/www.aim-for-students.de\\\/\",\"name\":\"Aalener Industriemesse - AIM for students \\\/ Hochschule Aalen\",\"isPartOf\":{\"@id\":\"https:\\\/\\\/www.aim-for-students.de\\\/#website\"},\"datePublished\":\"2017-05-06T09:59:58+00:00\",\"dateModified\":\"2025-10-21T10:03:17+00:00\",\"description\":\"Unabh\u00e4ngig und selbstst\u00e4ndig, engagiert und aktiv: Das ist der UStA \u2013 Hochschule Aalen. Alles rund ums Studieren in Aalen. Sprecht uns einfach an!\",\"breadcrumb\":{\"@id\":\"https:\\\/\\\/www.aim-for-students.de\\\/#breadcrumb\"},\"inLanguage\":\"en-US\",\"potentialAction\":[{\"@type\":\"ReadAction\",\"target\":[\"https:\\\/\\\/www.aim-for-students.de\\\/\"]}]},{\"@type\":\"BreadcrumbList\",\"@id\":\"https:\\\/\\\/www.aim-for-students.de\\\/#breadcrumb\",\"itemListElement\":[{\"@type\":\"ListItem\",\"position\":1,\"name\":\"Startseite\",\"item\":\"https:\\\/\\\/www.aim-for-students.de\\\/\"},{\"@type\":\"ListItem\",\"position\":2,\"name\":\"Startseite\"}]},{\"@type\":\"WebSite\",\"@id\":\"https:\\\/\\\/www.aim-for-students.de\\\/#website\",\"url\":\"https:\\\/\\\/www.aim-for-students.de\\\/\",\"name\":\"AIM for students - Aalener Industriemesse\",\"description\":\"Website of AIM\",\"potentialAction\":[{\"@type\":\"SearchAction\",\"target\":{\"@type\":\"EntryPoint\",\"urlTemplate\":\"https:\\\/\\\/www.aim-for-students.de\\\/?s={search_term_string}\"},\"query-input\":{\"@type\":\"PropertyValueSpecification\",\"valueRequired\":true,\"valueName\":\"search_term_string\"}}],\"inLanguage\":\"en-US\"}]}<\/script>\n<!-- \/ Yoast SEO plugin. -->","yoast_head_json":{"title":"Aalener Industriemesse - AIM for students \/ Hochschule Aalen","robots":{"index":"index","follow":"follow","max-snippet":"max-snippet:-1","max-image-preview":"max-image-preview:large","max-video-preview":"max-video-preview:-1"},"canonical":"https:\/\/www.aim-for-students.de\/","og_locale":"en_US","og_type":"article","og_title":"Startseite - AIM for students - Aalener Industriemesse","og_url":"https:\/\/www.aim-for-students.de\/","og_site_name":"AIM for students - Aalener Industriemesse","article_modified_time":"2025-10-21T10:03:17+00:00","twitter_card":"summary_large_image","twitter_misc":{"Est. reading time":"2 minutes"},"schema":{"@context":"https:\/\/schema.org","@graph":[{"@type":"WebPage","@id":"https:\/\/www.aim-for-students.de\/","url":"https:\/\/www.aim-for-students.de\/","name":"Aalener Industriemesse - AIM for students \/ Hochschule Aalen","isPartOf":{"@id":"https:\/\/www.aim-for-students.de\/#website"},"datePublished":"2017-05-06T09:59:58+00:00","dateModified":"2025-10-21T10:03:17+00:00","description":"Unabh\u00e4ngig und selbstst\u00e4ndig, engagiert und aktiv: Das ist der UStA \u2013 Hochschule Aalen. Alles rund ums Studieren in Aalen. Sprecht uns einfach an!","breadcrumb":{"@id":"https:\/\/www.aim-for-students.de\/#breadcrumb"},"inLanguage":"en-US","potentialAction":[{"@type":"ReadAction","target":["https:\/\/www.aim-for-students.de\/"]}]},{"@type":"BreadcrumbList","@id":"https:\/\/www.aim-for-students.de\/#breadcrumb","itemListElement":[{"@type":"ListItem","position":1,"name":"Startseite","item":"https:\/\/www.aim-for-students.de\/"},{"@type":"ListItem","position":2,"name":"Startseite"}]},{"@type":"WebSite","@id":"https:\/\/www.aim-for-students.de\/#website","url":"https:\/\/www.aim-for-students.de\/","name":"AIM for students - Aalener Industriemesse","description":"Website of AIM","potentialAction":[{"@type":"SearchAction","target":{"@type":"EntryPoint","urlTemplate":"https:\/\/www.aim-for-students.de\/?s={search_term_string}"},"query-input":{"@type":"PropertyValueSpecification","valueRequired":true,"valueName":"search_term_string"}}],"inLanguage":"en-US"}]}},"_links":{"self":[{"href":"https:\/\/www.aim-for-students.de\/en\/wp-json\/wp\/v2\/pages\/28","targetHints":{"allow":["GET"]}}],"collection":[{"href":"https:\/\/www.aim-for-students.de\/en\/wp-json\/wp\/v2\/pages"}],"about":[{"href":"https:\/\/www.aim-for-students.de\/en\/wp-json\/wp\/v2\/types\/page"}],"author":[{"embeddable":true,"href":"https:\/\/www.aim-for-students.de\/en\/wp-json\/wp\/v2\/users\/9"}],"replies":[{"embeddable":true,"href":"https:\/\/www.aim-for-students.de\/en\/wp-json\/wp\/v2\/comments?post=28"}],"version-history":[{"count":178,"href":"https:\/\/www.aim-for-students.de\/en\/wp-json\/wp\/v2\/pages\/28\/revisions"}],"predecessor-version":[{"id":7294,"href":"https:\/\/www.aim-for-students.de\/en\/wp-json\/wp\/v2\/pages\/28\/revisions\/7294"}],"wp:attachment":[{"href":"https:\/\/www.aim-for-students.de\/en\/wp-json\/wp\/v2\/media?parent=28"}],"curies":[{"name":"wp","href":"https:\/\/api.w.org\/{rel}","templated":true}]}}