{"id":247,"date":"2017-05-19T14:09:17","date_gmt":"2017-05-19T14:09:17","guid":{"rendered":"http:\/\/www.aim-for-students.de\/?page_id=247"},"modified":"2019-06-14T12:06:46","modified_gmt":"2019-06-14T10:06:46","slug":"impressum","status":"publish","type":"page","link":"https:\/\/www.aim-for-students.de\/en\/impressum\/","title":{"rendered":"Impressum"},"content":{"rendered":"<section class=\"l-section wpb_row height_large\"><div class=\"l-section-h i-cf\"><div class=\"g-cols vc_row via_flex valign_top type_default stacking_default\"><div class=\"vc_col-sm-12 wpb_column vc_column_container\"><div class=\"vc_column-inner\"><div class=\"wpb_wrapper\"><div class=\"wpb_text_column\"><div class=\"wpb_wrapper\"><h2>Angaben gem\u00e4\u00df \u00a7 5 TMG:<\/h2>\n<p>UStA Services GmbH<br \/>\nBeethovenstra\u00dfe 1<br \/>\n73430 Aalen<\/p>\n<h2>Vertreten durch:<\/h2>\n<p>UStA Services GmbH,<br \/>\nvertreten durch den GF Andr\u00e9 Gabriel Ruth<\/p>\n<h2>Kontakt:<\/h2>\n<p>Telefon: +49 7361 55 89 98 5<br \/>\nE-Mail: administrator@usta-aalen.de<\/p>\n<h2>Registereintrag:<\/h2>\n<p>Eintragung im Handelsregister.<br \/>\nRegistergericht: Amtsgericht Ulm HRB 721988<br \/>\nRegisternummer: HRB 721988<\/p>\n<h2>Umsatzsteuer:<\/h2>\n<p>Umsatzsteuer-Identifikationsnummer<br \/>\ngem\u00e4\u00df \u00a727 a Umsatzsteuergesetz:<br \/>\nDE258164675<\/p>\n<h2>Verantwortlich f\u00fcr<br \/>\nden Inhalt nach \u00a7 55 Abs. 2 RStV:<\/h2>\n<p>UStA Services GmbH<br \/>\nAndr\u00e9 Ruth<br \/>\nBeethovenstra\u00dfe 1<br \/>\n73430 Aalen<\/p>\n<h2>Streitschlichtung<\/h2>\n<p>Die Europ\u00e4ische\u00a0Kommission stellt eine Plattform zur Online-Streitbeilegung (OS) bereit: <a href=\"https:\/\/ec.europa.eu\/consumers\/odr\" target=\"_blank\" rel=\"noopener noreferrer\">https:\/\/ec.europa.eu\/consumers\/odr<\/a><br \/>\nUnsere E-Mail-Adresse finden Sie oben im Impressum.<\/p>\n<p>Wir sind nicht bereit oder verpflichtet, an\u00a0Streitbeilegungsverfahren vor einer Verbraucherschlichtungsstelle teilzunehmen.<\/p>\n<h2>Haftung\u00a0f\u00fcr Inhalte<\/h2>\n<p>Als Diensteanbieter sind wir gem\u00e4\u00df \u00a7 7 Abs.1 TMG f\u00fcr\u00a0eigene Inhalte auf diesen Seiten nach den allgemeinen Gesetzen verantwortlich. Nach \u00a7\u00a7 8 bis\u00a010 TMG sind wir als Diensteanbieter jedoch nicht verpflichtet, \u00fcbermittelte oder gespeicherte fremde\u00a0Informationen zu \u00fcberwachen oder nach Umst\u00e4nden zu forschen, die auf eine rechtswidrige\u00a0T\u00e4tigkeit hinweisen.<\/p>\n<p>Verpflichtungen zur Entfernung oder Sperrung der Nutzung von\u00a0Informationen nach den allgemeinen Gesetzen bleiben hiervon unber\u00fchrt. Eine diesbez\u00fcgliche\u00a0Haftung ist jedoch erst ab dem Zeitpunkt der Kenntnis einer konkreten Rechtsverletzung m\u00f6glich.<br \/>\nBei Bekanntwerden von entsprechenden Rechtsverletzungen werden wir diese Inhalte umgehend\u00a0entfernen.<\/p>\n<h2>Haftung f\u00fcr Links<\/h2>\n<p>Unser Angebot enth\u00e4lt Links zu externen\u00a0Websites Dritter, auf deren Inhalte wir keinen Einfluss haben. Deshalb k\u00f6nnen wir f\u00fcr diese\u00a0fremden Inhalte auch keine Gew\u00e4hr \u00fcbernehmen. F\u00fcr die Inhalte der verlinkten Seiten ist\u00a0stets der jeweilige Anbieter oder Betreiber der Seiten verantwortlich. Die verlinkten Seiten wurden zum\u00a0Zeitpunkt der Verlinkung auf m\u00f6gliche Rechtsverst\u00f6\u00dfe \u00fcberpr\u00fcft.\u00a0Rechtswidrige Inhalte waren zum Zeitpunkt der Verlinkung nicht erkennbar.<\/p>\n<p>Eine permanente\u00a0inhaltliche Kontrolle der verlinkten Seiten ist jedoch ohne konkrete Anhaltspunkte einer Rechtsverletzung\u00a0nicht zumutbar. Bei Bekanntwerden von Rechtsverletzungen werden wir derartige Links umgehend<br \/>\nentfernen.<\/p>\n<h2>Urheberrecht<\/h2>\n<p>Die durch die Seitenbetreiber erstellten Inhalte und Werke auf\u00a0diesen Seiten unterliegen dem deutschen Urheberrecht. Die Vervielf\u00e4ltigung, Bearbeitung,\u00a0Verbreitung und jede Art der Verwertung au\u00dferhalb der Grenzen des Urheberrechtes bed\u00fcrfen\u00a0der schriftlichen Zustimmung des jeweiligen Autors bzw. Erstellers. Downloads und Kopien dieser Seite\u00a0sind nur f\u00fcr den privaten, nicht kommerziellen Gebrauch gestattet.<\/p>\n<p>Soweit die Inhalte auf\u00a0dieser Seite nicht vom Betreiber erstellt wurden, werden die Urheberrechte Dritter beachtet. Insbesondere\u00a0werden Inhalte Dritter als solche gekennzeichnet. Sollten Sie trotzdem auf eine Urheberrechtsverletzung<br \/>\naufmerksam werden, bitten wir um einen entsprechenden Hinweis. Bei Bekanntwerden von\u00a0Rechtsverletzungen werden wir derartige Inhalte umgehend entfernen.<\/p>\n<p>Quelle: <a href=\"https:\/\/www.e-recht24.de\">e-recht24.de<\/a><\/p>\n<\/div><\/div><\/div><\/div><\/div><\/div><\/div><\/section>\n","protected":false},"excerpt":{"rendered":"Angaben gem\u00e4\u00df \u00a7 5 TMG: UStA Services GmbH Beethovenstra\u00dfe 1 73430 Aalen Vertreten durch: UStA Services GmbH, vertreten durch den GF Andr\u00e9 Gabriel Ruth Kontakt: Telefon: +49 7361 55 89 98 5 E-Mail: administrator@usta-aalen.de Registereintrag: Eintragung im Handelsregister. Registergericht: Amtsgericht Ulm HRB 721988 Registernummer: HRB 721988 Umsatzsteuer: Umsatzsteuer-Identifikationsnummer gem\u00e4\u00df \u00a727 a Umsatzsteuergesetz: DE258164675 Verantwortlich f\u00fcr...","protected":false},"author":9,"featured_media":0,"parent":0,"menu_order":0,"comment_status":"closed","ping_status":"closed","template":"","meta":{"footnotes":""},"class_list":["post-247","page","type-page","status-publish","hentry"],"translation":{"provider":"WPGlobus","version":"3.0.2","language":"en","enabled_languages":["de","en"],"languages":{"de":{"title":true,"content":true,"excerpt":false},"en":{"title":false,"content":false,"excerpt":false}}},"yoast_head":"<!-- This site is optimized with the Yoast SEO plugin v27.4 - https:\/\/yoast.com\/product\/yoast-seo-wordpress\/ -->\n<title>Impressum - AIM for students - Aalener Industriemesse<\/title>\n<meta name=\"robots\" content=\"index, follow, max-snippet:-1, max-image-preview:large, max-video-preview:-1\" \/>\n<link rel=\"canonical\" href=\"https:\/\/www.aim-for-students.de\/impressum\/\" \/>\n<meta property=\"og:locale\" content=\"en_US\" \/>\n<meta property=\"og:type\" content=\"article\" \/>\n<meta property=\"og:title\" content=\"Impressum - AIM for students - Aalener Industriemesse\" \/>\n<meta property=\"og:url\" content=\"https:\/\/www.aim-for-students.de\/impressum\/\" \/>\n<meta property=\"og:site_name\" content=\"AIM for students - Aalener Industriemesse\" \/>\n<meta property=\"article:modified_time\" content=\"2019-06-14T10:06:46+00:00\" \/>\n<meta name=\"twitter:card\" content=\"summary_large_image\" \/>\n<meta name=\"twitter:label1\" content=\"Est. reading time\" \/>\n\t<meta name=\"twitter:data1\" content=\"2 minutes\" \/>\n<script type=\"application\/ld+json\" class=\"yoast-schema-graph\">{\"@context\":\"https:\\\/\\\/schema.org\",\"@graph\":[{\"@type\":\"WebPage\",\"@id\":\"https:\\\/\\\/www.aim-for-students.de\\\/impressum\\\/\",\"url\":\"https:\\\/\\\/www.aim-for-students.de\\\/impressum\\\/\",\"name\":\"Impressum - AIM for students - Aalener Industriemesse\",\"isPartOf\":{\"@id\":\"https:\\\/\\\/www.aim-for-students.de\\\/#website\"},\"datePublished\":\"2017-05-19T14:09:17+00:00\",\"dateModified\":\"2019-06-14T10:06:46+00:00\",\"breadcrumb\":{\"@id\":\"https:\\\/\\\/www.aim-for-students.de\\\/impressum\\\/#breadcrumb\"},\"inLanguage\":\"en-US\",\"potentialAction\":[{\"@type\":\"ReadAction\",\"target\":[\"https:\\\/\\\/www.aim-for-students.de\\\/impressum\\\/\"]}]},{\"@type\":\"BreadcrumbList\",\"@id\":\"https:\\\/\\\/www.aim-for-students.de\\\/impressum\\\/#breadcrumb\",\"itemListElement\":[{\"@type\":\"ListItem\",\"position\":1,\"name\":\"Startseite\",\"item\":\"https:\\\/\\\/www.aim-for-students.de\\\/\"},{\"@type\":\"ListItem\",\"position\":2,\"name\":\"Impressum\"}]},{\"@type\":\"WebSite\",\"@id\":\"https:\\\/\\\/www.aim-for-students.de\\\/#website\",\"url\":\"https:\\\/\\\/www.aim-for-students.de\\\/\",\"name\":\"AIM for students - Aalener Industriemesse\",\"description\":\"Website of AIM\",\"potentialAction\":[{\"@type\":\"SearchAction\",\"target\":{\"@type\":\"EntryPoint\",\"urlTemplate\":\"https:\\\/\\\/www.aim-for-students.de\\\/?s={search_term_string}\"},\"query-input\":{\"@type\":\"PropertyValueSpecification\",\"valueRequired\":true,\"valueName\":\"search_term_string\"}}],\"inLanguage\":\"en-US\"}]}<\/script>\n<!-- \/ Yoast SEO plugin. -->","yoast_head_json":{"title":"Impressum - AIM for students - Aalener Industriemesse","robots":{"index":"index","follow":"follow","max-snippet":"max-snippet:-1","max-image-preview":"max-image-preview:large","max-video-preview":"max-video-preview:-1"},"canonical":"https:\/\/www.aim-for-students.de\/impressum\/","og_locale":"en_US","og_type":"article","og_title":"Impressum - AIM for students - Aalener Industriemesse","og_url":"https:\/\/www.aim-for-students.de\/impressum\/","og_site_name":"AIM for students - Aalener Industriemesse","article_modified_time":"2019-06-14T10:06:46+00:00","twitter_card":"summary_large_image","twitter_misc":{"Est. reading time":"2 minutes"},"schema":{"@context":"https:\/\/schema.org","@graph":[{"@type":"WebPage","@id":"https:\/\/www.aim-for-students.de\/impressum\/","url":"https:\/\/www.aim-for-students.de\/impressum\/","name":"Impressum - AIM for students - Aalener Industriemesse","isPartOf":{"@id":"https:\/\/www.aim-for-students.de\/#website"},"datePublished":"2017-05-19T14:09:17+00:00","dateModified":"2019-06-14T10:06:46+00:00","breadcrumb":{"@id":"https:\/\/www.aim-for-students.de\/impressum\/#breadcrumb"},"inLanguage":"en-US","potentialAction":[{"@type":"ReadAction","target":["https:\/\/www.aim-for-students.de\/impressum\/"]}]},{"@type":"BreadcrumbList","@id":"https:\/\/www.aim-for-students.de\/impressum\/#breadcrumb","itemListElement":[{"@type":"ListItem","position":1,"name":"Startseite","item":"https:\/\/www.aim-for-students.de\/"},{"@type":"ListItem","position":2,"name":"Impressum"}]},{"@type":"WebSite","@id":"https:\/\/www.aim-for-students.de\/#website","url":"https:\/\/www.aim-for-students.de\/","name":"AIM for students - Aalener Industriemesse","description":"Website of AIM","potentialAction":[{"@type":"SearchAction","target":{"@type":"EntryPoint","urlTemplate":"https:\/\/www.aim-for-students.de\/?s={search_term_string}"},"query-input":{"@type":"PropertyValueSpecification","valueRequired":true,"valueName":"search_term_string"}}],"inLanguage":"en-US"}]}},"_links":{"self":[{"href":"https:\/\/www.aim-for-students.de\/en\/wp-json\/wp\/v2\/pages\/247","targetHints":{"allow":["GET"]}}],"collection":[{"href":"https:\/\/www.aim-for-students.de\/en\/wp-json\/wp\/v2\/pages"}],"about":[{"href":"https:\/\/www.aim-for-students.de\/en\/wp-json\/wp\/v2\/types\/page"}],"author":[{"embeddable":true,"href":"https:\/\/www.aim-for-students.de\/en\/wp-json\/wp\/v2\/users\/9"}],"replies":[{"embeddable":true,"href":"https:\/\/www.aim-for-students.de\/en\/wp-json\/wp\/v2\/comments?post=247"}],"version-history":[{"count":18,"href":"https:\/\/www.aim-for-students.de\/en\/wp-json\/wp\/v2\/pages\/247\/revisions"}],"predecessor-version":[{"id":6721,"href":"https:\/\/www.aim-for-students.de\/en\/wp-json\/wp\/v2\/pages\/247\/revisions\/6721"}],"wp:attachment":[{"href":"https:\/\/www.aim-for-students.de\/en\/wp-json\/wp\/v2\/media?parent=247"}],"curies":[{"name":"wp","href":"https:\/\/api.w.org\/{rel}","templated":true}]}}